{"id":679,"date":"2020-03-21T20:25:10","date_gmt":"2020-03-21T20:25:10","guid":{"rendered":"https:\/\/zupa.kosute.com.hr\/?page_id=679"},"modified":"2020-03-21T21:04:06","modified_gmt":"2020-03-21T21:04:06","slug":"o-zupi","status":"publish","type":"page","link":"https:\/\/zupa.kosute.com.hr\/index.php\/o-zupi\/","title":{"rendered":"\u017dupa Ko\u0161ute"},"content":{"rendered":"<!-- VideographyWP Plugin Message: Automatic video embedding prevented by plugin options. -->\n\n<figure class=\"wp-block-image size-large\"><img loading=\"lazy\" width=\"640\" height=\"427\" src=\"https:\/\/zupa.kosute.com.hr\/wp-content\/uploads\/2020\/03\/zupa-kosute.jpg\" alt=\"\" class=\"wp-image-680\" srcset=\"https:\/\/zupa.kosute.com.hr\/wp-content\/uploads\/2020\/03\/zupa-kosute.jpg 640w, https:\/\/zupa.kosute.com.hr\/wp-content\/uploads\/2020\/03\/zupa-kosute-300x200.jpg 300w\" sizes=\"(max-width: 640px) 100vw, 640px\" \/><figcaption>Foto:  <a href=\"https:\/\/smn.hr\/\">https:\/\/smn.hr\/<\/a> <\/figcaption><\/figure>\n\n\n\n<p>\u017dupa Presvetog Srca Isusova u Ko\u0161utama najmla\u0111a je \u017eupa od 186 \u017eupa Splitsko-makarske nadbiskupije. Utemeljena je 20. kolovoza 2012. godine odlukom mjesnog ordinarija, splitsko-makarskog nadbiskupa mons. Marina Bari\u0161i\u0107a zbog pastoralnih razloga. Time je filijalna crkva Presvetog srca Isusova u Ko\u0161utama, koja je bila dio \u017eupe svetoga Mihovila u Trilju, postala \u017eupna crkva. &nbsp;<\/p>\n\n\n\n<p>U Odluci o osnutku \u017eupe izme\u0111u ostaloga, pi\u0161e da &#8220;\u017eupa nastaje od zapadnog dijela \u017eupe sv. Mihovila Arkan\u0111ela &#8211; Trilj. Granice \u017eupe sa zapada, sjevera i s juga ostaju dosada\u0161nje granice \u017eupe Trilj, a s istoka je granica izme\u0111u nove \u017eupe Presvetog Srca Isusova &#8211; Ko\u0161ute i \u017eupe sv. Mihovila &#8211; Trilj pravac sjever-jug na zapadnim padinama Bile Glavice i postoje\u0107e benzinske crpke, tako da zaseok Brodari\u0107 ostaje sastavni dio \u017eupe Trilj. Filijalna crkva Presvetog Srca Isusova progla\u0161ava se \u017eupnom crkvom, pa \u0107e se i blagdan Presvetog Srca Isusova slaviti kao naslovnik \u017eupe. \u017dupnik \u0107e stanovati u Pastoralnom centru, koji se nalazi uz crkvu, a za dovr\u0161etak stambenih prostorija pobrinut \u0107e se Nadbiskupija. \u017dupa pripada Cetinskom dekanatu. Nova \u017eupa je na slobodnom raspolaganju dijecezanskom nadbiskupu. Du\u0161obri\u017enici ove \u017eupe uzdr\u017eavat \u0107e se dragovoljnim doprinosima vjernika&#8221;. Mjesto Ko\u0161ute povijesni dokumenti opisuju ve\u0107 u XV. stolje\u0107u, a sigurno je da su na tom plodnom polju uz rijeku ljudi nazo\u010dni i vi\u0161e tisu\u0107a godina prije Kristova ro\u0111enja.<\/p>\n\n\n\n<p>Ovu \u017eupu ispunja radosni \u017eamor brojne djece, mladi\u0107i i djevojke otvoreni budu\u0107nosti sa svojim tjeskobama i mladena\u010dkim idealizmom, sve\u010dana \u017eenidbena slavlja, oko 30 \u017eivu\u0107ih sve\u0107enika i skoro 50 posve\u0107enih redovnica, ispunjena crkva na nedjeljnim misnim slavljima, marljivi radnici na poljima i u svojim radionicama, sportska i kulturna dru\u0161tva. \u017dupa broji oko 1700 stalnih stanovnika. Ljudi su to koji su potvrdili da vole svoju Crkvu i svoj narod hrvatski, da su otvoreni \u017eivotu i spremni marljivo raditi za svoju obitelj. U \u017eupi je samostan Slu\u017eavki Malog Isusa, a \u017eupa ima i osnovnu \u0161kolu sa svih osam razreda, plodno polje uz rijeku Cetinu, blizu je gradova i autoceste. Prvi poznati sve\u0107enik iz Ko\u0161uta bio je don Martin Odrljin, koji je zapo\u010deo voditi samostalne \u017eupne matice Trilja 1805. godine, a njegov nasljednik don Nikola Duki\u0107 bio je prvi \u017eupnik \u017eupe sv. Mihovila te prvi dekan cetinskog dekanata. Posebna zasluga ide don Alojziju Bav\u010devi\u0107u, don Mirku Skeji\u0107u i don Toni \u010cip\u010di\u0107u, koji su s darovateljima zemlji\u0161ta predvidjeli pastoralni centar, kao i don Stipi Ljubasu, koji je puno doprinio gradnji crkve.<\/p>\n\n\n\n<p>Za prvog \u017eupnika imenovan je don Darijo \u010cori\u0107, a 2015. godine na to mjesto dolazi novi \u017eupnik don Franko Prnjak. Od 2019. godine \u017eupnik je mr.sc. don Tomislav Top\u010di\u0107.<\/p>\n","protected":false},"excerpt":{"rendered":"<p>\u017dupa Presvetog Srca Isusova u Ko\u0161utama najmla\u0111a je \u017eupa od 186 \u017eupa Splitsko-makarske nadbiskupije. Utemeljena je 20. kolovoza 2012. godine odlukom mjesnog ordinarija, splitsko-makarskog nadbiskupa mons. Marina Bari\u0161i\u0107a zbog pastoralnih razloga. Time je filijalna crkva Presvetog srca Isusova u Ko\u0161utama,<\/p>\n","protected":false},"author":1,"featured_media":0,"parent":0,"menu_order":0,"comment_status":"closed","ping_status":"closed","template":"","meta":{"ngg_post_thumbnail":0,"spay_email":""},"_links":{"self":[{"href":"https:\/\/zupa.kosute.com.hr\/index.php\/wp-json\/wp\/v2\/pages\/679"}],"collection":[{"href":"https:\/\/zupa.kosute.com.hr\/index.php\/wp-json\/wp\/v2\/pages"}],"about":[{"href":"https:\/\/zupa.kosute.com.hr\/index.php\/wp-json\/wp\/v2\/types\/page"}],"author":[{"embeddable":true,"href":"https:\/\/zupa.kosute.com.hr\/index.php\/wp-json\/wp\/v2\/users\/1"}],"replies":[{"embeddable":true,"href":"https:\/\/zupa.kosute.com.hr\/index.php\/wp-json\/wp\/v2\/comments?post=679"}],"version-history":[{"count":3,"href":"https:\/\/zupa.kosute.com.hr\/index.php\/wp-json\/wp\/v2\/pages\/679\/revisions"}],"predecessor-version":[{"id":712,"href":"https:\/\/zupa.kosute.com.hr\/index.php\/wp-json\/wp\/v2\/pages\/679\/revisions\/712"}],"wp:attachment":[{"href":"https:\/\/zupa.kosute.com.hr\/index.php\/wp-json\/wp\/v2\/media?parent=679"}],"curies":[{"name":"wp","href":"https:\/\/api.w.org\/{rel}","templated":true}]}}