{"id":684,"date":"2020-03-21T20:37:33","date_gmt":"2020-03-21T20:37:33","guid":{"rendered":"https:\/\/zupa.kosute.com.hr\/?page_id=684"},"modified":"2020-03-21T20:58:27","modified_gmt":"2020-03-21T20:58:27","slug":"kosute-u-sastavu-zupe-trilj-dio-1-osnutak-cetinskog-dekanata-i-zupe-trilj","status":"publish","type":"page","link":"https:\/\/zupa.kosute.com.hr\/index.php\/kosute-u-sastavu-zupe-trilj-dio-1-osnutak-cetinskog-dekanata-i-zupe-trilj\/","title":{"rendered":"KO\u0160UTE U SASTAVU \u017dUPE TRILJ (DIO 1.): Osnutak Cetinskog dekanata i \u017dupe Trilj"},"content":{"rendered":"<!-- VideographyWP Plugin Message: Automatic video embedding prevented by plugin options. -->\n\n<p>Splitski biskup Pavao Klement Mio\u0161i\u0107 izdao je 26. travnja 1834. godine Uredbu o novoj podjeli Splitsko-makarske biskupije na dekanate. Tom Uredbom biskup je osnovao Cetinski dekanat (Il decanato del distretto di Sinj), a njegovu upravu povjerio je biskupijskim sve\u0107enicima. Za prvog dekana imenovao je tada triljskog kapelana don Nikolu Duki\u0107a iz Ko\u0161uta. Organskim dekretom, izdanim u Zadru 18. kolovoza 1849., Trilj je potvr\u0111en kao samostalna \u017eupa, ali i dalje pridru\u017eena sinjskom samostanu. Povezanost, koja se o\u010ditovala u pla\u0107anju redovine samostanu, trajala je sve do 1902. godine.<\/p>\n\n\n\n<p>Slu\u017ebu cetinskog dekana u razdoblju od 1834. do 2017. obavljalo je petnaest biskupijskih sve\u0107enika, triljskih \u017eupnika. Slu\u017ebe su trajale u rasponu od jedne (don Lovre Milavi\u0107), do dvadeset devet godine (don Ante Bu\u0107an), kako slijedi: don Lovre Milavi\u0107 1, \u0160piro \u010cike\u0161 3, Mirko Skeji\u0107 4, Alojzije Bav\u010devi\u0107 5, Pavao Matovac 6, Ante \u010cip\u010di\u0107 6, Mijo Vrdoljak 7, Tomislav Karaman 11, Josip Bato\u0161i\u0107 12, sada\u0161nji dekan Stipe Ljubas 15, Nikola Duki\u0107 17, Bo\u017ee \u0160imund\u017ea (\u0160imun\u010di\u0107) 19, \u0160imun Simuni\u0107 4 kao upravitelj i 17 kao dekan, Ivan Bani\u0107 25 i Ante Bu\u0107an 29 godina.<\/p>\n\n\n\n<p>Slijedi tabelarni popis turja\u010dkih \u017eupnika (do 1834.), zatim triljskih kapelana i \u017eupnika, koji su ujedno bili i cetinski dekani (do 2012.). Potom su navedeni i \u017eupnici Ko\u0161uta. Tablica je nepotpuna za prvo razdoblje.<\/p>\n\n\n\n<div class=\"wp-block-image\"><figure class=\"aligncenter\"><img src=\"https:\/\/www.kosute.hr\/wp-content\/uploads\/2018\/06\/Triljski-%C5%BEupnici-i-kapelani-1-1024x935.jpg\" alt=\"\" class=\"wp-image-451\"\/><\/figure><\/div>\n\n\n\n<figure class=\"wp-block-image\"><img src=\"https:\/\/www.kosute.hr\/wp-content\/uploads\/2018\/06\/Triljski-%C5%BEupnici-i-kapelani-2-1024x684.jpg\" alt=\"Triljski, odnosno ko\u0161u\u0107ki \u017eupnici i kapelani\" class=\"wp-image-452\"\/><figcaption><br>Triljski, odnosno ko\u0161u\u0107ki \u017eupnici i kapelani<br><br> * don Franko Prnjak je bio \u017eupnik do 2019. godine, kada slu\u017ebu \u017eupnika preuzima mr.sc. don Tomislav Top\u010di\u0107. <\/figcaption><\/figure>\n\n\n\n<p><em>Tekst i fotografije preuzeti iz: Duki\u0107, J., Duki\u0107, V., Mari\u0107, M., \u017dolo, I. (ur.) (2017.)&nbsp;Mala povijest Ko\u0161uta, Ko\u0161ute: Kulturno dru\u0161tvo Trilj,&nbsp;\u017dupa Presvetog Srca Isusova, Ko\u0161ute.<\/em><\/p>\n","protected":false},"excerpt":{"rendered":"<p>Splitski biskup Pavao Klement Mio\u0161i\u0107 izdao je 26. travnja 1834. godine Uredbu o novoj podjeli Splitsko-makarske biskupije na dekanate. Tom Uredbom biskup je osnovao Cetinski dekanat (Il decanato del distretto di Sinj), a njegovu upravu povjerio je biskupijskim sve\u0107enicima. Za<\/p>\n","protected":false},"author":1,"featured_media":0,"parent":0,"menu_order":0,"comment_status":"closed","ping_status":"closed","template":"","meta":{"ngg_post_thumbnail":0,"spay_email":""},"_links":{"self":[{"href":"https:\/\/zupa.kosute.com.hr\/index.php\/wp-json\/wp\/v2\/pages\/684"}],"collection":[{"href":"https:\/\/zupa.kosute.com.hr\/index.php\/wp-json\/wp\/v2\/pages"}],"about":[{"href":"https:\/\/zupa.kosute.com.hr\/index.php\/wp-json\/wp\/v2\/types\/page"}],"author":[{"embeddable":true,"href":"https:\/\/zupa.kosute.com.hr\/index.php\/wp-json\/wp\/v2\/users\/1"}],"replies":[{"embeddable":true,"href":"https:\/\/zupa.kosute.com.hr\/index.php\/wp-json\/wp\/v2\/comments?post=684"}],"version-history":[{"count":2,"href":"https:\/\/zupa.kosute.com.hr\/index.php\/wp-json\/wp\/v2\/pages\/684\/revisions"}],"predecessor-version":[{"id":711,"href":"https:\/\/zupa.kosute.com.hr\/index.php\/wp-json\/wp\/v2\/pages\/684\/revisions\/711"}],"wp:attachment":[{"href":"https:\/\/zupa.kosute.com.hr\/index.php\/wp-json\/wp\/v2\/media?parent=684"}],"curies":[{"name":"wp","href":"https:\/\/api.w.org\/{rel}","templated":true}]}}