{"id":688,"date":"2020-03-21T20:39:33","date_gmt":"2020-03-21T20:39:33","guid":{"rendered":"https:\/\/zupa.kosute.com.hr\/?page_id=688"},"modified":"2020-03-21T21:00:01","modified_gmt":"2020-03-21T21:00:01","slug":"kosute-u-sastavu-zupe-trilj-dio-3-gradnja-crkve-sv-mihovila","status":"publish","type":"page","link":"https:\/\/zupa.kosute.com.hr\/index.php\/kosute-u-sastavu-zupe-trilj-dio-3-gradnja-crkve-sv-mihovila\/","title":{"rendered":"KO\u0160UTE U SASTAVU \u017dUPE TRILJ (DIO 3.): Gradnja crkve sv. Mihovila"},"content":{"rendered":"<!-- VideographyWP Plugin Message: Automatic video embedding prevented by plugin options. -->\n\n<p>Vrlo va\u017eno mjesto u povijesti triljske i ko\u0161u\u0107ke \u017eupe pripada don \u0160imunu Simuni\u0107u, dugogodi\u0161njem \u017eupniku i dekanu te graditelju nove triljske crkve Sv. Mihovila. Don \u0160imun je ro\u0111en 7. rujna 1851., a zare\u0111en 11. sije\u010dnja, najvjerojatnije 1873. godine. Od listopada 1897. do 1901. bio je upravitelj Cetinskog dekanata, a potom je imenovan dekanom. Slu\u017ebu je obavljao sve do 1. prosinca 1918. godine. Umro je u Trilju 9. rujna 1922., gdje je u mjesnom groblju i pokopan. Njegov grob se nalazi u neposrednoj blizini pro\u010delja crkve Sv. Jeronima, do 1901. crkve Sv. Mihovila. Na grobnom kri\u017eu pokojnik je za \u017eivota u reljefu dao zapisati rije\u010di: OVJE \/ POCI\/VA POK \/ DON SIMUN SIMUNIC \/ BIVSI DEKAN SINSKE \/ CE\/TIN\/SKE \/ KRA\/JI\/NE \/ P \/ U \/ MI\/RU. U postolju kri\u017ea zapisan je datum smrti: PREMINU DNEVA \/ 9 RUJNA \/ 1922. Iznad natpisa u postolju urezan je kri\u017e s dvije sa strana, vjerojatno, palme.<\/p>\n\n\n\n<figure class=\"wp-block-image\"><img src=\"https:\/\/www.kosute.hr\/wp-content\/uploads\/2018\/06\/Crkve-Sv.-Jeronima-na-groblju-i-nova-Sv.-Mihovila-f.-J.-Duki%C4%87.jpg\" alt=\"Crkve Sv. Jeronima (na groblju) i nova Sv. Mihovila (foto: J. Duki\u0107)\" class=\"wp-image-297\"\/><figcaption>Crkve Sv. Jeronima (na groblju) i nova Sv. Mihovila (foto: J. Duki\u0107)<\/figcaption><\/figure>\n\n\n\n<p>Don \u0160imun Simuni\u0107 je nakon dugodi\u0161njih slanja brojnih zahtjeva vlastima 1899. krenuo u najve\u0107i projekt svoga \u017eivota, izgradnju nove triljske crkve. Gradnja crkve povjerena je poduzetniku Dinku Franchiniju, a gradila se u razdoblju od 1899. do 1901. godine. Crkva je smje\u0161tena nedaleko od postoje\u0107e u groblju Sv. Mihovila, \u010diji titul je nakon zavr\u0161etka prenesen na novosagra\u0111enu. Novi svetac grobljanske crkve postao je sv. Jeronim i tako je ostalo sve do danas. Crkvu je posvetio splitsko-makarski biskup Filip Frane Naki\u0107 (1889.-1910.) 9. lipnja 1901. godine. Tom prigodom biskup je obavio pastirski pohod i krizmu.<\/p>\n\n\n\n<p>U crkvi se nalaze tri oltara. Glavni, Presvetog Sakramenta, rad je altariste Mihe Markovine i smje\u0161ten je u crkvu krajem 1900. godine. U isto vrijeme \u017eupnik je zbog nedostatka sredstava na desnoj strani crkve premjestio oltar sv. Mihovila arkan\u0111ela iz stare crkve. Taj oltar djelo je altariste Dominika Pasqualettija s kraja XVIII. stolje\u0107a. Tre\u0107i oltar, Gospe Karmelske, djelo je dvojice majstora, Vicka Tagliaferra i Petra Betizze pok. Marina. U crkvu je postavljen 1910. godine. Glavni oltar Presvetog Sakramenta ispla\u0107en je ponajvi\u0161e sredstvima iz zaklade pok. Vice, \u017eene \u0160pira Britvi\u0107a. Ona je u svojoj oporuci izjavila:&nbsp;<em>\u201cOstavljam dvi livade Rakovicu i Zato\u010dje za uvik Crkvi sv. Mihovila iz Trilja, uvjetom, da kad se nova sagradi Crkva Triljska, iste prodaduse i novci za nje dobiveni ulo\u017ee se za gradnju oltara u novoj Crkvi.\u201d<\/em><\/p>\n\n\n\n<p><em>Tekst i fotografije preuzeti iz: Duki\u0107, J., Duki\u0107, V., Mari\u0107, M., \u017dolo, I. (ur.) (2017.)&nbsp;Mala povijest Ko\u0161uta, Ko\u0161ute: Kulturno dru\u0161tvo Trilj,&nbsp;\u017dupa Presvetog Srca Isusova, Ko\u0161ute.<\/em><\/p>\n","protected":false},"excerpt":{"rendered":"<p>Vrlo va\u017eno mjesto u povijesti triljske i ko\u0161u\u0107ke \u017eupe pripada don \u0160imunu Simuni\u0107u, dugogodi\u0161njem \u017eupniku i dekanu te graditelju nove triljske crkve Sv. Mihovila. Don \u0160imun je ro\u0111en 7. rujna 1851., a zare\u0111en 11. sije\u010dnja, najvjerojatnije 1873. godine. Od listopada<\/p>\n","protected":false},"author":1,"featured_media":0,"parent":0,"menu_order":0,"comment_status":"closed","ping_status":"closed","template":"","meta":{"ngg_post_thumbnail":0,"spay_email":""},"_links":{"self":[{"href":"https:\/\/zupa.kosute.com.hr\/index.php\/wp-json\/wp\/v2\/pages\/688"}],"collection":[{"href":"https:\/\/zupa.kosute.com.hr\/index.php\/wp-json\/wp\/v2\/pages"}],"about":[{"href":"https:\/\/zupa.kosute.com.hr\/index.php\/wp-json\/wp\/v2\/types\/page"}],"author":[{"embeddable":true,"href":"https:\/\/zupa.kosute.com.hr\/index.php\/wp-json\/wp\/v2\/users\/1"}],"replies":[{"embeddable":true,"href":"https:\/\/zupa.kosute.com.hr\/index.php\/wp-json\/wp\/v2\/comments?post=688"}],"version-history":[{"count":1,"href":"https:\/\/zupa.kosute.com.hr\/index.php\/wp-json\/wp\/v2\/pages\/688\/revisions"}],"predecessor-version":[{"id":689,"href":"https:\/\/zupa.kosute.com.hr\/index.php\/wp-json\/wp\/v2\/pages\/688\/revisions\/689"}],"wp:attachment":[{"href":"https:\/\/zupa.kosute.com.hr\/index.php\/wp-json\/wp\/v2\/media?parent=688"}],"curies":[{"name":"wp","href":"https:\/\/api.w.org\/{rel}","templated":true}]}}