{"id":690,"date":"2020-03-21T20:40:45","date_gmt":"2020-03-21T20:40:45","guid":{"rendered":"https:\/\/zupa.kosute.com.hr\/?page_id=690"},"modified":"2020-03-21T21:00:39","modified_gmt":"2020-03-21T21:00:39","slug":"kosute-u-sastavu-zupe-trilj-dio-4-kriz-na-biloj-glavici","status":"publish","type":"page","link":"https:\/\/zupa.kosute.com.hr\/index.php\/kosute-u-sastavu-zupe-trilj-dio-4-kriz-na-biloj-glavici\/","title":{"rendered":"KO\u0160UTE U SASTAVU \u017dUPE TRILJ (DIO 4.): Kri\u017e na Biloj Glavici"},"content":{"rendered":"<!-- VideographyWP Plugin Message: Automatic video embedding prevented by plugin options. -->\n\n<p>Prolaze\u0107i cestom \u0161to od Sinja vodi u Trilj, ne mo\u017ee \u010dovjek pro\u0107i a ne opaziti bijeli kri\u017e \u0161to se uzdigao s lijeve strane, na bre\u017euljku znanom kao Bila glavica. Novije generacije vjernika \u017eupe Sv. Mihovila arkan\u0111ela u Trilju to mjesto podsje\u0107a na blagdan Sv. Marka, kada se jednom godi\u0161nje narod okuplja pod kri\u017eem uz blagoslov polja i molitve Bogu da jo\u0161 jednom podari dobar urod i nagradi narod za sav trud i molitve upu\u0107ene k Njemu. Mnogi \u0107e se sjetiti i 2003. kada je prvi put zalaganjem don Stipe Ljubasa uprili\u010den Put kri\u017ea od \u017eupne crkve Sv. Mihovila do kri\u017ea na Biloj glavici. Me\u0111utim, malo je onih koji se mogu sjetiti kada je taj kri\u017e podignut i s kojom nakanom.<\/p>\n\n\n\n<p>Kri\u017e je podignut 70 godina ranije. Podigao ga je 1933. puk, narod siroma\u0161an, ali bogat duhom, povodom proslave 1900. godi\u0161njice Kristove muke i smrti. Proslava te Svete Godine zapo\u010dela je trodnevnicom u svim \u017eupama triljskog dekanata. Na blagdan Male Gospe 8. rujna obavljen je sve\u010dani blagoslov kri\u017ea, a slavlje je svojom&nbsp;prisutno\u0161\u0107u uzveli\u010dao i tada\u0161nji biskup Kvirin Klement Bonefa\u010di\u0107. Dirljivu propovijed odr\u017eao je o. Petar Perica, isusovac iz Splita. Na sve\u010danosti je sudjelovala i sinjska glazba kao i glazba Sv. Mihovila te \u017eenski zbor, a zabilje\u017een je i broj od oko 8 000 hodo\u010dasnika iz 16 \u017eupa.<\/p>\n\n\n\n<p>U podno\u017eju kri\u017ea stajao je uklesan natpis:&nbsp;<em>Isusu Kristu \u2013 Kralju vjekova \u2013 vjera i ljubav naroda \u2013 prigodom proslave \u2013 1900. godi\u0161njice Njegove muke i smrti.<\/em>&nbsp;Natpisa danas vi\u0161e nema. Vjerojatno je uklonjen prilikom obnove kri\u017ea 80-ih godina.<\/p>\n\n\n\n<figure class=\"wp-block-image\"><img src=\"https:\/\/www.kosute.hr\/wp-content\/uploads\/2018\/06\/Proslava-na-Biloj-glavici-8.-IX.-1933.-vl.-f.-M.-Jozi%C4%87.jpg\" alt=\"Proslava na Biloj glavici, 8. IX. 1933. (vl. f. M. Jozi\u0107)\" class=\"wp-image-306\"\/><figcaption>Proslava na Biloj glavici, 8. IX. 1933. (vl. f. M. Jozi\u0107)<\/figcaption><\/figure>\n\n\n\n<p>Cijeli doga\u0111aj blagoslova kri\u017ea zabilje\u017eilo je vrijedno pero nama nepoznatog autora, \u010diji tekst donosimo u cijelosti:<\/p>\n\n\n\n<p><em><strong>Nad Cetinom je zablistao Kri\u017e<\/strong><\/em><\/p>\n\n\n\n<p><em>Iz dna svoga kr\u0161\u0107anskoga katoli\u010dkoga srca Cetina, siroma\u0161na i mukotrpna Cetinska krajina, je progovorila. Siroma\u0161na ne zato \u0161to joj Bog nije dao zemlje i vode, nego zato \u0161to ljudski um i ljudska volja ne\u0107e da iskoriste Bo\u017eje darove. Siroma\u0161an puk, ali ipak dostojan djedova, koji su nakvasili ro\u0111enu grudu svojom juna\u010dkom krvlju u vjekovnim borbama protiv nekrsta. Taj je puk, taj je narod pokazao u nedjelju svu svoju vjeru, svoju ljubav i&nbsp;svoje odu\u0161evljenje za sv. Kri\u017e, znak na\u0161ega Otkupljenja, za sv. Crkvu, jednu i nepobjedivu, za pastira biskupa, koji mu je bri\u017eni Otac.<\/em><\/p>\n\n\n\n<p><em>Proslava sv. Godine zapo\u010dela je trodnevnicom u svim \u017eupama triljskog dekanata. Prvi javni \u010din iste bio je sve\u010dani blagoslov jubilejskog Kri\u017ea kojeg su na Bijeloj Glavici podigli vjernici svih okolnih sela. Obavio ga je preuzv. Biskup, koji je do\u0161ao navla\u0161 u tu svrhu na Malu Gospu. U mjestu nije bilo gotovo osobe koja nije prisustvovala procesiji do novopodignutog Kri\u017ea i blagoslovu. Prije blagoslova preuzvi\u0161eni se popeo na samo podno\u017eje kri\u017ea i tuma\u010dio narodu zna\u010denje sv. Godine. Glazba sv. Mihovila, koja je svirala u procesiji, pratila je vrlo lijepo i efektno zbor pjeva\u010dica, koje su ispjevale himnu Kri\u017eu. Zatim je slijedio blagoslov. Jubilejski kri\u017e, koji \u0107e sigurno postati sredi\u0161te pobo\u017enih hodo\u010da\u0161\u0107a, je podignut na podno\u017eju na kojem stoji isklesano: \u201eIsusu Kristu \u2013 Kralju vjekova \u2013 vjera i ljubav naroda \u2013 prigodom proslave \u2013 1900. godi\u0161njice Njegove muke i smrti.\u201c Za vrijeme obreda krasan je bio pogled na zelenu dolinu. \u010cinilo mi se da vidim s jedne strane Sinjsku Gospu, koja pozdravlja Kri\u017e svoga Sina, a s druge, sa \u010da\u010dvinske kule iz turskih vremena, kako se duhovi pre\u0111a vesele ovom svetom danu.<\/em><\/p>\n\n\n\n<p><em>U ve\u010der sva je krajina bila u plamenu. Ne samo svaka \u017eupa, selo, ve\u0107 i skoro svaki kom\u0161iluk palio je svije\u0107njake u \u010dast sutra\u0161nje proslave. Spomen-Kri\u017e na Bijeloj Glavici, kao i onaj na Visokoj, kojeg je podigla sinjska \u017eupa, bili su osvijetljeni.<\/em><\/p>\n\n\n\n<p><em>Me\u0111utim, prava proslava je bila u nedjelju. Kako je bo\u017eanska sila, koja je privukla gotovo 8000 vjernika u ovaj kraj, gdje ne vidi\u0161 nego malena seoca i ra\u0161trkane ku\u0107e! I to jo\u0161 iz kojih daljina! Evo suhih brojki, koje \u0107e govoriti bolje nego ikoja pjesma: Iz Graba 1300, iz Sinja 1000, iz Rude 600, iz Ugljana 550, iz Vojni\u0107-Garduna 450, iz Turjaka 400, iz Otoka i Srijana po 350, iz Dobranja i Tijarice po 300, iz Biska, Dicma i Kru\u0161vara po 250, iz Vrpolja 180, iz Kotlenica 118, iz Vo\u0161tana 50. Dakle, iz 16 \u017eupa. Iz samog Trilja prisustvovali su svi vjernici. I to sa svim tim \u0161to se ujutro mnogo hodo\u010dasnika vratilo svojim ku\u0107ama kad je po\u010dela padati ki\u0161a i \u0161to su protivnici \u0161irili me\u0111u narodom razne izmi\u0161ljene i glupe glasine, da ga odvrate od proslave. Sve\u010danu pontifikalnu misu otpjevao je pod vedrim nebom preuzv. na\u0161 obljubljeni biskup. Sv. misu je vrlo lijepo pjevao zbor pjeva\u010dica. Dirljivi i odu\u0161evljeni govor odr\u017eao je o. Perica, Isusovac iz Splita. \u2013 Kasnije se razvila duga bogoljubna, pobo\u017ena procesija, koja je uz sviranje glazbi iz Sinja i Trilja trajala 1 \u00bd sata. Nikada ne bismo svr\u0161ili kad bismo htjeli opisati sve \u0161to je tog dana vidjela i \u010dula zelena Cetina. Neka bude slava Bo\u017eanskom Srcu na\u0161ega Isusa koji je na Kri\u017eu svijet otkupio!<\/em><\/p>\n\n\n\n<p>Korisno je ovome pridodati da su poznatog propovjednika o. Petra Pericu zajedno s 50-ak Dubrov\u010dana partizanske postrojbe smaknule na Daksi bez su\u0111enja u listopadu 1944. godine. U lipnju 2010. nakon punih 65 godina kosti o. Perice dostojno su pokopane na dubrova\u010dkom groblju Boninovo u isusova\u010dkoj grobnici. Otac Perica autor je poznate pjesme&nbsp;<strong><em>Zdravo, Djevo, kraljice Hrvata.<\/em><\/strong><\/p>\n\n\n\n<figure class=\"wp-block-image\"><img src=\"https:\/\/www.kosute.hr\/wp-content\/uploads\/2018\/06\/Kri%C5%BE-na-Biloj-glavici-8.-IV.-2010.-foto.-J.-Duki%C4%87.jpg\" alt=\"Kri\u017e na Biloj glavici, 8. IV. 2010. (foto. J. Duki\u0107)\" class=\"wp-image-309\"\/><figcaption>Kri\u017e na Biloj glavici, 8. IV. 2010. (foto. J. Duki\u0107)<\/figcaption><\/figure>\n\n\n\n<p><em>Tekst i fotografije preuzeti iz: Duki\u0107, J., Duki\u0107, V., Mari\u0107, M., \u017dolo, I. (ur.) (2017.)&nbsp;Mala povijest Ko\u0161uta, Ko\u0161ute: Kulturno dru\u0161tvo Trilj,&nbsp;\u017dupa Presvetog Srca Isusova, Ko\u0161ute.<\/em><\/p>\n","protected":false},"excerpt":{"rendered":"<p>Prolaze\u0107i cestom \u0161to od Sinja vodi u Trilj, ne mo\u017ee \u010dovjek pro\u0107i a ne opaziti bijeli kri\u017e \u0161to se uzdigao s lijeve strane, na bre\u017euljku znanom kao Bila glavica. Novije generacije vjernika \u017eupe Sv. Mihovila arkan\u0111ela u Trilju to mjesto<\/p>\n","protected":false},"author":1,"featured_media":0,"parent":0,"menu_order":0,"comment_status":"closed","ping_status":"closed","template":"","meta":{"ngg_post_thumbnail":0,"spay_email":""},"_links":{"self":[{"href":"https:\/\/zupa.kosute.com.hr\/index.php\/wp-json\/wp\/v2\/pages\/690"}],"collection":[{"href":"https:\/\/zupa.kosute.com.hr\/index.php\/wp-json\/wp\/v2\/pages"}],"about":[{"href":"https:\/\/zupa.kosute.com.hr\/index.php\/wp-json\/wp\/v2\/types\/page"}],"author":[{"embeddable":true,"href":"https:\/\/zupa.kosute.com.hr\/index.php\/wp-json\/wp\/v2\/users\/1"}],"replies":[{"embeddable":true,"href":"https:\/\/zupa.kosute.com.hr\/index.php\/wp-json\/wp\/v2\/comments?post=690"}],"version-history":[{"count":1,"href":"https:\/\/zupa.kosute.com.hr\/index.php\/wp-json\/wp\/v2\/pages\/690\/revisions"}],"predecessor-version":[{"id":691,"href":"https:\/\/zupa.kosute.com.hr\/index.php\/wp-json\/wp\/v2\/pages\/690\/revisions\/691"}],"wp:attachment":[{"href":"https:\/\/zupa.kosute.com.hr\/index.php\/wp-json\/wp\/v2\/media?parent=690"}],"curies":[{"name":"wp","href":"https:\/\/api.w.org\/{rel}","templated":true}]}}