{"id":692,"date":"2020-03-21T20:42:59","date_gmt":"2020-03-21T20:42:59","guid":{"rendered":"https:\/\/zupa.kosute.com.hr\/?page_id=692"},"modified":"2020-03-21T21:01:10","modified_gmt":"2020-03-21T21:01:10","slug":"kosute-u-sastavu-zupe-trilj-dio-5-maticne-knjige-zupe-trilj","status":"publish","type":"page","link":"https:\/\/zupa.kosute.com.hr\/index.php\/kosute-u-sastavu-zupe-trilj-dio-5-maticne-knjige-zupe-trilj\/","title":{"rendered":"KO\u0160UTE U SASTAVU \u017dUPE TRILJ (DIO 5.): Mati\u010dne knjige \u017eupe Trilj"},"content":{"rendered":"<!-- VideographyWP Plugin Message: Automatic video embedding prevented by plugin options. -->\n\n<p>Povijest Ko\u0161uta gotovo je nemogu\u0107e pisati bez mati\u010dnih knjiga kr\u0161tenih, vjen\u010danihi umrlih \u017eupe Trilj. Mati\u010dne knjige \u017eupe Trilj su se, prema jednom nepotvr\u0111enom podatku, po\u010dele voditi samostalno, odvojeno od \u017eupe Turjaci, ve\u0107 1805. godine u vrijeme tada\u0161njeg triljskog kapelana don Martina Odrljina. Na\u017ealost, te knjige nisu sa\u010duvane. Sa\u010duvane su, sre\u0107om, mati\u010dne knjige koje su nakon don Martina vodili don Nikola Duki\u0107, don Bo\u017ee \u0160imun\u010di\u0107 (\u0160imund\u017ea), don Lovre Milavi\u0107, don Ivan Bani\u0107, don \u0160imun Simuni\u0107, don Pavao Matovac, don Josip Bato\u0161i\u0107 i don Ante Bu\u0107an. Te knjige su postojale sve do rujna 1943. kada su stradale pri avionskom bombardiranju \u017eupske ku\u0107e. Od svih knjiga sa\u010duvano je svega nekoliko svezaka matica kr\u0161tenih koje su znatno o\u0161te\u0107ene, dok su matice vjen\u010danih i umrlih potpuno uni\u0161tene. Sretna je okolnost da su sa\u010duvani prijepisi (parice) kr\u0161tenih, vjen\u010danih i umrlih i nalaze se u Nadbiskupskom arhivu u Splitu. No treba naglasiti da su zbog nemara pojedinih sve\u0107enika ti prijepisi nepotpuni.<\/p>\n\n\n\n<figure class=\"wp-block-image\"><img src=\"https:\/\/www.kosute.hr\/wp-content\/uploads\/2018\/06\/NAS-Prijepis-Matice-kr%C5%A1tenih-1874.-don-Ivan-Bani%C4%87-722x1024.jpg\" alt=\"NAS, Prijepis Matice kr\u0161tenih 1874., don Ivan Bani\u0107\" class=\"wp-image-460\"\/><figcaption>NAS, Prijepis Matice kr\u0161tenih 1874., don Ivan Bani\u0107<\/figcaption><\/figure>\n\n\n\n<p>O\u0161te\u0107ene matice kr\u0161tenih, koje su se \u010duvale u triljskom \u017eupskom arhivu, don Alojzije Bav\u010devi\u0107 je predao na \u010duvanje u Nadbiskupski arhiv u Splitu. Godine 1996. don Josip Duki\u0107 ml. dao ih je obnoviti u Restauratorskom zavodu u Zagrebu. Tro\u0161kove obnove nov\u010dano su pokrili don Stipe Duki\u0107, fra Bernardo Duki\u0107, s. Ligorija Mateljan i Op\u0107ina Trilj. Dio je pokrio sam zavod, odnosno Dr\u017eavni arhiv na \u010delu s ravnateljom Josipom Kolanovi\u0107em. Obnovljene matice kr\u0161tenih don J. Duki\u0107 je dao kopirati zajedno s paricama i potom uvezati u \u0161est knjiga, koje se sada nalaze u \u017eupnom arhivu u Trilju. Susretljivo\u0161\u0107u tada\u0161njeg \u017eupnika don Mirka Skeji\u0107a, \u017eupski ured je platio tro\u0161kove kopiranja i uvezivanja. Upravo iz tih knjiga Mladen Andreis crpio je podatke za knjigu&nbsp;<em>Stanovni\u0161tvo \u017eupe Sv. Mihovila (Trilj) u 19. stolje\u0107u \u2013 Demografska i antroponimijska analiza na temelju podataka iz Mati\u010dnih knjiga kr\u0161tenih<\/em>, koja je objavljena u Trilju 2001. godine.<\/p>\n\n\n\n<figure class=\"wp-block-image\"><img src=\"https:\/\/www.kosute.hr\/wp-content\/uploads\/2018\/06\/NAS-Potpis-don-I.-Bani%C4%87a-i-pe%C4%8Dat-kapelanije-Trilj-MK-1881..jpg\" alt=\"Nadbiskupski arhiv Split, Potpis don I. Bani\u0107a i pe\u010dat kapelanije Trilj (Matica Kr\u0161tenih, 1881.)\" class=\"wp-image-260\"\/><figcaption>Nadbiskupski arhiv Split, Potpis don I. Bani\u0107a i pe\u010dat kapelanije Trilj (Matica Kr\u0161tenih, 1881.)<\/figcaption><\/figure>\n\n\n\n<p>Nakon objave knjige M. Andreisa zapo\u010deo je projekt prepisivanja triljskih matica kr\u0161tenih. U projekt su se uklju\u010dili don Josip Duki\u0107, Vitomir Duki\u0107, Miljenko Mari\u0107 i Ivan \u017dolo. Nakon vi\u0161egodi\u0161njeg rada oni su uspjeli prepisati ve\u0107i dio Matice kr\u0161tenih.<\/p>\n\n\n\n<p>Mati\u010dne knjige i parice pisane su na talijanskom (don Nikola Duki\u0107, don Bo\u017ee \u0160imun\u010di\u0107 (\u0160imund\u017ea), don Lovre Milavi\u0107) i hrvatskom jeziku (don Ivan Bani\u0107, don \u0160imun Simuni\u0107).<\/p>\n\n\n\n<p><em>Tekst i fotografije preuzeti iz: Duki\u0107, J., Duki\u0107, V., Mari\u0107, M., \u017dolo, I. (ur.) (2017.)&nbsp;Mala povijest Ko\u0161uta, Ko\u0161ute: Kulturno dru\u0161tvo Trilj,&nbsp;\u017dupa Presvetog Srca Isusova, Ko\u0161ute.<\/em><\/p>\n","protected":false},"excerpt":{"rendered":"<p>Povijest Ko\u0161uta gotovo je nemogu\u0107e pisati bez mati\u010dnih knjiga kr\u0161tenih, vjen\u010danihi umrlih \u017eupe Trilj. Mati\u010dne knjige \u017eupe Trilj su se, prema jednom nepotvr\u0111enom podatku, po\u010dele voditi samostalno, odvojeno od \u017eupe Turjaci, ve\u0107 1805. godine u vrijeme tada\u0161njeg triljskog kapelana don<\/p>\n","protected":false},"author":1,"featured_media":0,"parent":0,"menu_order":0,"comment_status":"closed","ping_status":"closed","template":"","meta":{"ngg_post_thumbnail":0,"spay_email":""},"_links":{"self":[{"href":"https:\/\/zupa.kosute.com.hr\/index.php\/wp-json\/wp\/v2\/pages\/692"}],"collection":[{"href":"https:\/\/zupa.kosute.com.hr\/index.php\/wp-json\/wp\/v2\/pages"}],"about":[{"href":"https:\/\/zupa.kosute.com.hr\/index.php\/wp-json\/wp\/v2\/types\/page"}],"author":[{"embeddable":true,"href":"https:\/\/zupa.kosute.com.hr\/index.php\/wp-json\/wp\/v2\/users\/1"}],"replies":[{"embeddable":true,"href":"https:\/\/zupa.kosute.com.hr\/index.php\/wp-json\/wp\/v2\/comments?post=692"}],"version-history":[{"count":1,"href":"https:\/\/zupa.kosute.com.hr\/index.php\/wp-json\/wp\/v2\/pages\/692\/revisions"}],"predecessor-version":[{"id":693,"href":"https:\/\/zupa.kosute.com.hr\/index.php\/wp-json\/wp\/v2\/pages\/692\/revisions\/693"}],"wp:attachment":[{"href":"https:\/\/zupa.kosute.com.hr\/index.php\/wp-json\/wp\/v2\/media?parent=692"}],"curies":[{"name":"wp","href":"https:\/\/api.w.org\/{rel}","templated":true}]}}