{"id":694,"date":"2020-03-21T20:44:19","date_gmt":"2020-03-21T20:44:19","guid":{"rendered":"https:\/\/zupa.kosute.com.hr\/?page_id=694"},"modified":"2020-03-21T21:01:48","modified_gmt":"2020-03-21T21:01:48","slug":"samostalna-zupa-kosute-dio-1-osnivanje-zupe","status":"publish","type":"page","link":"https:\/\/zupa.kosute.com.hr\/index.php\/samostalna-zupa-kosute-dio-1-osnivanje-zupe\/","title":{"rendered":"SAMOSTALNA \u017dUPA KO\u0160UTE (DIO 1.): Osnivanje \u017eupe"},"content":{"rendered":"<!-- VideographyWP Plugin Message: Automatic video embedding prevented by plugin options. -->\n\n<p>Odlukom splitsko-makarskog nadbiskupa mons. dr. Marina Bari\u0161i\u0107a selo Ko\u0161ute 20. kolovoza 2012. godine postalo je samostalna \u017eupa Presvetog Srca Isusova (\u017eupa Ko\u0161ute), a za njezinog prvog \u017eupnika imenovan je don Darijo \u010cori\u0107 iz \u017de\u017eevice.<\/p>\n\n\n\n<p>Sve\u010danu proslavu osnutka \u017eupe pripremio je \u017eupnik u suradnji sa Odborom za proslavu u kojem su bili: don Josip Duki\u0107 ml., An\u0111ela \u017dolo, Milenka \u017duro, Miljenko Mari\u0107, Viktor Duki\u0107 i David Prcela. Oni su, zahvalni Stvoritelju, splitsko-makarskom nadbiskupu mons. dr. M. Bari\u0161i\u0107u i svima koji su na bilo koji na\u010din doprinijeli osnutku \u017eupe uputili pozive na sve\u010danu proslavu koja se odr\u017eala u crkvi Presvetog Srca Isusova 26. kolovoza 2012. u 11 i 30 sati.<\/p>\n\n\n\n<figure class=\"wp-block-image\"><img src=\"https:\/\/www.kosute.hr\/wp-content\/uploads\/2018\/06\/1_11_04.jpg\" alt=\"Sve\u010dana proslava osnutka samostalne \u017eupe Ko\u0161ute 26. kolovoza 2012.\" class=\"wp-image-420\"\/><figcaption>Sve\u010dana proslava osnutka samostalne \u017eupe Ko\u0161ute 26. kolovoza 2012.<\/figcaption><\/figure>\n\n\n\n<p>Euharistijsko slavlje povodom osnutka \u017eupe predvodio je generalni vikar Splitsko-makarske nadbiskupije mons. Ivan \u0106ubeli\u0107 zajedno sa \u017eupnikom don D. \u010cori\u0107em i drugim sve\u0107enicima. Sve\u010danost je zapo\u010dela procesijom u kojoj su sudjelovala djeca u narodnoj no\u0161nji, ma\u017eoretkinje, limena glazba, ministranti i 23 sve\u0107enika. Po ulasku u ispunjenu \u017eupnu crkvu Presvetoga Srca Isusova u Ko\u0161utama, predvoditelj slavlja pro\u010ditao je Odluku o osnutku \u017eupe u kojoj, izme\u0111u ostaloga, pi\u0161e da<\/p>\n\n\n\n<blockquote class=\"wp-block-quote\"><p>\u201c\u017eupa nastaje od zapadnog dijela \u017eupe Sv. Mihovila arkan\u0111ela \u2013 Trilj. Granice \u017eupe sa zapada, sjevera i s juga ostaju dosada\u0161nje granice \u017eupe Trilj, a s istoka je granica izme\u0111u nove \u017eupe Presvetog Srca Isusova \u2013 Ko\u0161ute i \u017eupe Sv. Mihovila \u2013 Trilj pravac sjever-jug na zapadnim padinama Bile Glavice i postoje\u0107e benzinske crpke, tako da zaseok Brodari\u0107 ostaje sastavni dio \u017eupe Trilj. Filijalna crkva Presvetog Srca Isusova progla\u0161ava se \u017eupnom crkvom, pa \u0107e se i blagdan Presvetog Srca Isusova slaviti kao naslovnik \u017eupe. \u017dupnik \u0107e stanovati u Pastoralnom centru, koji se nalazi uz crkvu, a za dovr\u0161etak stambenih prostorija pobrinut \u0107e se Nadbiskupija. \u017dupa pripada Cetinskom dekanatu. Nova \u017eupa je na slobodnom raspolaganju dijecezanskom nadbiskupu. Du\u0161obri\u017enici ove \u017eupe uzdr\u017eavat \u0107e se dragovoljnim doprinosima vjernika.\u201d<\/p><\/blockquote>\n\n\n\n<figure class=\"wp-block-image\"><img src=\"https:\/\/www.kosute.hr\/wp-content\/uploads\/2018\/06\/1_11_03.jpg\" alt=\"Sve\u010danost je zapo\u010dela procesijom\" class=\"wp-image-421\"\/><figcaption>Sve\u010danost je zapo\u010dela procesijom<\/figcaption><\/figure>\n\n\n\n<p>Nakon misnog slavlja don J. Duki\u0107 ml., moderator slavlja, zahvalio je \u010d. s. Zdenki na dugogodi\u0161njem vo\u0111enju zborova u Trilju i Ko\u0161utama. Potom je prigodnu rije\u010d uputio i gradona\u010delnik Trilja Ivan \u0160ipi\u0107, koji je \u017eupi darovao sliku \u010cudotvorne Gospe Sinjske i kale\u017e s pliticom. \u017dupljanka An\u0111ela \u017dolo uz prigodne rije\u010di dobrodo\u0161lice \u017eupniku \u010cori\u0107u uru\u010dila je prigodni dar. Predvoditelju slavlja i novoimenovanom \u017eupniku djeca iz \u017eupe su uru\u010dila svoj dar, panoramsku sliku \u017eupe. Na samome kraju euharistijskoga slavlja prigodnu rije\u010d zahvale izrekao je \u017eupnik \u010cori\u0107, nakon \u010dega je zapjevan himan Tebe Boga hvalimo. Nakon himne Lijepoj na\u0161oj, ispred crkve uprili\u010den je prigodni program u kojem su nastupile triljske ma\u017eoretkinje i folklorna udruga Ko\u0161ute, a potom su se svi spustili na bogati domjenak u Pastoralni centar. Slavlje je trajalo do ve\u010dernjih sati.<\/p>\n\n\n\n<figure class=\"wp-block-image\"><img src=\"https:\/\/www.kosute.hr\/wp-content\/uploads\/2018\/06\/1_11_02.jpg\" alt=\"Ulazak procesije u crkvu\" class=\"wp-image-422\"\/><figcaption>Ulazak procesije u crkvu<\/figcaption><\/figure>\n\n\n\n<p>Nakon osnutka \u017eupe, don D. \u010cori\u0107 je uspio uz nov\u010danu pomo\u0107 Splitsko-makarske nadbiskupije i svesrdnu pomo\u0107 samih \u017eupljana srediti \u017eupski stan i ve\u0107i dio pastoralnog centra Ivan Pavao II. Sada\u0161nji \u017eupnik don Franko Prnjak nastavio je raditi gdje se njegov pred\u0161asnik zaustavio. Osobito se trudi pastoralno i kulturno djelovati te je pokrenuo vrlo bagat rad s djecom i mladima, \u0161to \u0107e, nadajmo se, biti od velike koristi i na izgradnju mjesta i \u017eupe.<\/p>\n\n\n\n<figure class=\"wp-block-image\"><img src=\"https:\/\/www.kosute.hr\/wp-content\/uploads\/2018\/06\/1_11_06.jpg\" alt=\"Prvi ko\u0161u\u0107ki \u017eupnik don Dario \u010cori\u0107 iz \u017de\u017eevice\" class=\"wp-image-423\"\/><figcaption>Prvi ko\u0161u\u0107ki \u017eupnik don Dario \u010cori\u0107 iz \u017de\u017eevice<\/figcaption><\/figure>\n\n\n\n<p><em>Tekst i fotografije preuzeti iz:<\/em><\/p>\n\n\n\n<ol><li><em>Duki\u0107, J., Duki\u0107, V., Mari\u0107, M., \u017dolo, I. (ur.) (2017.)&nbsp;Mala povijest Ko\u0161uta, Ko\u0161ute: Kulturno dru\u0161tvo Trilj,&nbsp;\u017dupa Presvetog Srca Isusova, Ko\u0161ute.<\/em><\/li><li>https:\/\/smn.hr\/kosute (pristupljeno 10.6.2018.)<\/li><\/ol>\n","protected":false},"excerpt":{"rendered":"<p>Odlukom splitsko-makarskog nadbiskupa mons. dr. Marina Bari\u0161i\u0107a selo Ko\u0161ute 20. kolovoza 2012. godine postalo je samostalna \u017eupa Presvetog Srca Isusova (\u017eupa Ko\u0161ute), a za njezinog prvog \u017eupnika imenovan je don Darijo \u010cori\u0107 iz \u017de\u017eevice. Sve\u010danu proslavu osnutka \u017eupe pripremio je<\/p>\n","protected":false},"author":1,"featured_media":0,"parent":0,"menu_order":0,"comment_status":"closed","ping_status":"closed","template":"","meta":{"ngg_post_thumbnail":0,"spay_email":""},"_links":{"self":[{"href":"https:\/\/zupa.kosute.com.hr\/index.php\/wp-json\/wp\/v2\/pages\/694"}],"collection":[{"href":"https:\/\/zupa.kosute.com.hr\/index.php\/wp-json\/wp\/v2\/pages"}],"about":[{"href":"https:\/\/zupa.kosute.com.hr\/index.php\/wp-json\/wp\/v2\/types\/page"}],"author":[{"embeddable":true,"href":"https:\/\/zupa.kosute.com.hr\/index.php\/wp-json\/wp\/v2\/users\/1"}],"replies":[{"embeddable":true,"href":"https:\/\/zupa.kosute.com.hr\/index.php\/wp-json\/wp\/v2\/comments?post=694"}],"version-history":[{"count":1,"href":"https:\/\/zupa.kosute.com.hr\/index.php\/wp-json\/wp\/v2\/pages\/694\/revisions"}],"predecessor-version":[{"id":695,"href":"https:\/\/zupa.kosute.com.hr\/index.php\/wp-json\/wp\/v2\/pages\/694\/revisions\/695"}],"wp:attachment":[{"href":"https:\/\/zupa.kosute.com.hr\/index.php\/wp-json\/wp\/v2\/media?parent=694"}],"curies":[{"name":"wp","href":"https:\/\/api.w.org\/{rel}","templated":true}]}}