{"id":696,"date":"2020-03-21T20:45:29","date_gmt":"2020-03-21T20:45:29","guid":{"rendered":"https:\/\/zupa.kosute.com.hr\/?page_id=696"},"modified":"2020-03-21T21:03:15","modified_gmt":"2020-03-21T21:03:15","slug":"samostalna-zupa-kosute-dio-2-izgradnja-crkve-u-kosutama","status":"publish","type":"page","link":"https:\/\/zupa.kosute.com.hr\/index.php\/samostalna-zupa-kosute-dio-2-izgradnja-crkve-u-kosutama\/","title":{"rendered":"SAMOSTALNA \u017dUPA KO\u0160UTE (DIO 2.): Izgradnja crkve u Ko\u0161utama"},"content":{"rendered":"<!-- VideographyWP Plugin Message: Automatic video embedding prevented by plugin options. -->\n\n<p>Prije otprilike 40 godina, kada je \u017eupnik Trilja bio don Tomislav Karaman (15.2. 1966. \u2013 15. 8. 1977.), rodila se \u017eelja pojedinaca iz Ko\u0161uta da se u mjestu sagradi crkva. Od tih, za Crkvu posebno te\u0161kih vremena, do lipnja 2007., trebalo je prevaliti dug i naporan put da se \u017eelja i ostvari. Novi korak u tom pravcu u\u010dinjen je u vrijeme don Alojzija Bav\u010devi\u0107a (15. 8. 1977. \u2013 31. 8. 1982.), koji je pripremio referendum u vezi gradnje crkve u Ko\u0161utama. Ponu\u0111ene su dvije mogu\u0107e lokacije za crkvu, jedna u blizini dana\u0161njeg samostana sestara Slu\u017eavki Malog Isusa, druga na Metlinama. Ve\u0107ina mje\u0161tana bila je za gradnju crkve na Metlinama. Unato\u010d njihovim \u017eeljama, sve je ostalo samo u zamisli.<\/p>\n\n\n\n<p>Veliki korak u ostvarenju projekta Metline u\u010dinjen je u vrijeme \u017eupnikovanja don Mirka Skeji\u0107a (15. 8. 1992. \u2013 2. 9. 1996.). Zahvaljuju\u0107i njegovoj snala\u017eljivosti i \u017earkoj \u017eelji Ko\u0161u\u0107ana da se sagradi crkva, zemlji\u0161te brojnih vlasnika na Metlinama prene\u0161eno je u vlasni\u0161tvo \u017eupe Sv. Mihovila arkan\u0111ela. Time je stvoren va\u017ean preduvjet koji je utjecao na skori po\u010detak ostvarenja dugogodi\u0161njeg sna.<\/p>\n\n\n\n<p>Dana 29. travnja 2001., u vrijeme \u017eupnika don Ante \u010cip\u010di\u0107a (2. 9. 1996. \u2013 20. 9. 2002.), odr\u017ean je Zbor mje\u0161tana (70-tak predstavnika ku\u0107anstava) na kojemu su bili prisutni i \u010dlanovi Inicijativnog odbora za gradnju groblja i mrtva\u010dnice, te neki \u010dlanovi Pastoralnog vije\u0107a. Na Zboru je usugla\u0161eno da se uprili\u010di sastanak s nadbiskupom dr. Marinom Bari\u0161i\u0107em u svezi po\u010detka izgradnje crkve u Ko\u0161utama. Nakon toga, 4. svibnja 2001., Inicijativni odbor uputio je dopis svim sve\u0107enicima iz Ko\u0161uta radi upoznavanja s cijelim projektom Metline, s molbom za pripomo\u0107, kao i poticaj za gradnju crkve. Inicijativni odbor je 1. listopada 2001. posjetio don Antu \u010cip\u010di\u0107a s namjerom da se potakne izrada dokumentacije za izgradnju crkve. U vrijeme don Ante zapo\u010delo je ravnanje terena na Metlinama i gradnja groblja.<\/p>\n\n\n\n<p>Glavni dio posla oko izgradnje crkve u Ko\u0161utama napravljen je u vrijeme sada\u0161njeg \u017eupnika don Stipe Ljubasa (20. 9. 2002.), koji je u vrijeme svog prvog triljskog mandata poslan u \u017eupu kao \u017eupski vikar (1988. \u2013 1991.), s ciljem da se posveti gradnji crkve u Ko\u0161utama. Unato\u010d njegovom trudu i \u017eeljama mnogih Ko\u0161u\u0107ana, to se nije ostvarilo. Trebalo je \u010dekati jo\u0161 koju godinu.<\/p>\n\n\n\n<p>Ponovnim dolaskom u \u017eupu, don Stipe je nastavio rad svojih pred\u0161asnika i znatno ga obogatio. Sredio je potrebnu dokumentaciju za po\u010detak gradnje crkve, \u0161to je potaknulo odgovorne osobe u Splitsko-makarskoj nadbiskupiji da se gradnja budu\u0107e crkve u Ko\u0161utama, zajedno sa \u017eupom sv. Andrije u Splitu i \u017eupom Okruk, uvrsti u program gradnje u 2005. godini.<\/p>\n\n\n\n<figure class=\"wp-block-image\"><img src=\"https:\/\/www.kosute.hr\/wp-content\/uploads\/2018\/06\/Po%C4%8Detak-gradnje-crkve-3.-VI.-2005.jpg\" alt=\"Po\u010detak gradnje crkve, 3. VI. 2005. (f. J. Duki\u0107)\" class=\"wp-image-435\"\/><figcaption>Po\u010detak gradnje crkve, 3. VI. 2005. (f. J. Duki\u0107)<\/figcaption><\/figure>\n\n\n\n<p>Blagoslov temeljnog kamena za crkvu u Ko\u0161utama, blagoslovljenog na \u017dnjanu 1998. od pape Ivana Pavla II, obavio je 3. lipnja 2005. splitsko makarski nadbiskup dr. Marin Bari\u0161i\u0107. U toj prigodi, nakon sve\u010danog misnog slavlja uprili\u010denog ispred mrtva\u010dnice, nadbiskup je blagoslovio gradili\u0161te i polo\u017eio temeljni kamen. Sve\u010dano misno slavlje suslavilo je tridesetak sve\u0107enika. Na slavlju su bili prisutni predstavnici gradske vlasti, predvo\u0111eni gradona\u010delnikom gosp. Jozom Sara\u010dem, gosp. Ante Kuzmani\u0107, projektant crkve i pastoralnog centra, gosp. Ivo Peko, ravnatelj \u017dupanijskih&nbsp;cesta, gosp. \u017deljko \u017dderi\u0107, direktor tvrtke Konstruktor, koja je izvo\u0111a\u010d radova, triljski vatrogasci, limena glazba, mje\u0161oviti zbor, ravnatelj \u0161kole, katehete, pastoralno i ekonomsko vije\u0107e i mnogobrojni puk iz cijele \u017eupe.<\/p>\n\n\n\n<p>Gradnja crkve u Ko\u0161utama trajala je dvije godine. Prema obi\u010daju, Splitsko-makarska nadbiskupija je pomogla u potpunosti izgradnju crkve \u201cugrubo\u201d. Za ostalo su se pobrinuli: don Stipe, \u017eupljani \u017eupe Trilj i brojni dobro\u010dinitelji.<\/p>\n\n\n\n<figure class=\"wp-block-image\"><img src=\"https:\/\/www.kosute.hr\/wp-content\/uploads\/2018\/06\/Zavr%C5%A1ni-radovi-3.-IX.-2006.jpg\" alt=\"Zavr\u0161ni radovi, 3. IX. 2006. (f. F. Ratkovi\u0107)\" class=\"wp-image-436\"\/><figcaption>Zavr\u0161ni radovi, 3. IX. 2006. (f. F. Ratkovi\u0107)<\/figcaption><\/figure>\n\n\n\n<p>Ovo je tekst povelje o gradnji koju su potpisali \u017eupnik i otac nadbiskup. Povelju je pro\u010ditao \u017eupski vikar don Dra\u017een Radman, a njezin tekst glasi:<\/p>\n\n\n\n<blockquote class=\"wp-block-quote\"><p>Godine Gospodnje 2005.<br>kad je svetom Katoli\u010dkom crkvom upravljao papa<br>BENEDIKT XVI.<br>splitsko-makarski nadbiskup bio je<br>mons. MARIN BARI\u0160I\u0106<br>a \u017eupnik \u017eupe sv. Mihovila ark. u Trilju<br>don STIPE LJUBAS<br>zapo\u010dinje gradnja crkve Presv. Srca Isusova<br>i pastoralnog centra Ivan Pavao II.<br>u KO\u0160UTAMA.<br>Preuzvi\u0161eni otac nadbiskup Marin,<br>okru\u017een vjernim Bo\u017ejim narodom i sve\u0107enicima,<br>u nazo\u010dnosti gradskih vlasti,<br>POLO\u017dIO JE TEMELJNI KAMEN<br>NA SVETKOVINU PRESV. SRCA ISUSOVA<br>3. lipnja 2005.<br>Ova crkva i pastoralni centar okupljat \u0107e vjernike<br>ovog dijela \u017eupe i \u0161tovatelje Presv. Srca Isusova,<br>da kroz vrijeme koje prolazi bude mjesto duhovnog slavlja<br>i znak Bo\u017eje prisutnosti me\u0111u ljudima.<\/p><p>don Stipe Ljubas \u017eupnik<\/p><p>mons. Marin Bari\u0161i\u0107 nadbiskup<\/p><\/blockquote>\n\n\n\n<h4><strong>Posveta crkve i pastoralnog centra<\/strong><\/h4>\n\n\n\n<p>Jedan od najsve\u010danijih doga\u0111aja u povijesti Ko\u0161uta zbio se u petak 15. lipnja 2007. godine. Toga dana u 18 sati splitsko-makarski nadbiskup Marin Bari\u0161i\u0107 predvodio je euharistijsko slavlje i posvetio crkvu Presvetog Srca Isusova i pastoralni centar Ivan Pavao II. Na misnom slavlju sudjelovali su \u017eupnik i cetinski dekan don Stipe Ljubas te oko 80 sve\u0107enika, od kojih ve\u0107ina potje\u010de iz Ko\u0161uta. U misnom slavlju sudjelovale su i brojne \u010dasne sestre, Ko\u0161u\u0107ani i njihovi gosti, od kojih je veliki broj stigao iz inozemstva, predstavnici Grada Trilja i Splitsko-dalmatinske \u017eupanije, okolnih gradova i op\u0107ina, javnih, dru\u0161tvenih i kulturnih ustanova te vi\u0161e tisu\u0107a vjernika.<\/p>\n\n\n\n<figure class=\"wp-block-image\"><img src=\"https:\/\/www.kosute.hr\/wp-content\/uploads\/2018\/06\/Posveta-crkve-15.-VI.-2007.-f.-J.-Duki%C4%87.jpg\" alt=\"Posveta crkve, 15. VI. 2007. (f. J. Duki\u0107)\" class=\"wp-image-437\"\/><figcaption>Posveta crkve, 15. VI. 2007. (f. J. Duki\u0107)<\/figcaption><\/figure>\n\n\n\n<p>Prostor crkve ima oko 450 kvadrata, a ispod nje se nalazi dvorana vi\u0161enamjenskog sadr\u017eaja. Pastoralni centar obuhva\u0107a oko 700 kvadrata, a ured i stambeni dio za \u017eupnika oko 110 kvadrata. Idejno i izvedbeno rje\u0161enje Projekta izradio je arhitekt Ante Kuzmani\u0107, a izvoditelj radova je Konstruktor in\u017eenjering d.d. \u2013 Split. Oltar, u koji su ugra\u0111ene mo\u0107i bl. Alojzija Stepinca \u2013 dar zagreba\u010dkog nadbiskupa kardinala Josipa Bozani\u0107a, krstionica, svetohrani\u0161te i ambon izra\u0111eni su prema zamisli arhitekta Radoslava Buzan\u010di\u0107a i Vanje Kova\u010di\u0107. Dva vitraja rad su profesora Josipa Bosni\u0107a. Projektne i nadzorne radove vodio je Nadbiskupijski gra\u0111evinski ured na \u010delu s don Jozom Lon\u010darom.<\/p>\n\n\n\n<p>Na po\u010detku misnog slavlja klju\u010deve crkve nadbiskupu je predao \u017eupljanin Frano Klape\u017e, a rije\u010dima pozdrava obratio se triljski gradona\u010delnik Jozo Sara\u010d. U svom obra\u0107anju vjernicima nadbiskup je kazao:<\/p>\n\n\n\n<blockquote class=\"wp-block-quote\"><p>\u201cOva zajednica premda nije imala svoju crkvu, natopljena molitvom i vjerom svojih pre\u0111a, prostor je svojih srdaca svesrdno posve\u0107ivala Gospodinu te su iz nje izniknula brojna duhovna zvanja.\u201d<\/p><\/blockquote>\n\n\n\n<p>U obredu posvete nadbiskup je izmolio posvetnu molitvu, svetim uljem pomazao oltar i zidove crkve, pokadio oltare i crkvu te predao \u017eupniku upaljenu svije\u0107u. Povelju o posveti crkve pro\u010ditao je Ivan \u0106ubeli\u0107, generalni vikar Splitsko-makarske nadbiskupije.<\/p>\n\n\n\n<p>Svima koji su na bilo koji na\u010din pridonijeli izgradnji crkve i pastoralnog centra, zahvalu je uputio \u017eupnik don Stipe Ljubas. Gosp. Miljenko Mari\u0107, predsjednik MO Ko\u0161ute, u ime mjesta uru\u010dio je prigodne poklone \u017eupniku don Stipi, kapelanu don Hrvoju Dragunu, \u010dasnim sestrama i nadbiskupu Marinu. Mje\u0161oviti \u017eupni zbor sv. Mihovila pod ravnanjem Ante \u0160ipi\u0107a i uz orguljsku pratnju \u010d.s. Zdenke Tomas izveo je pjesmu mo. \u0160ime Marovi\u0107a Kristova Crkva, za koju je tekst napisao Ko\u0161u\u0107anin don Ante Mateljan. Nakon sve\u010danoga bogoslu\u017eja u dvori\u0161tu i kripti crkve uslijedila je pu\u010dka fe\u0161ta.<\/p>\n\n\n\n<p>Povodom posvete crkve Mjesni odbor Ko\u0161ute, novosnovani Nogometni klub Ko\u0161ute i Kulturno dru\u0161tvo Trilj organizirali su 14. lipnja dvije nogometne utakmice na predjelu sela zvanom Pojila. U prvom susretu sudjelovala su djeca od 5. do 8. razreda P\u0160 Ko\u0161ute. Nakon utakmice uslijedila je utakmica sve\u0107enika, nekada\u0161njih sjemeni\u0161taraca i bogoslova \u017eupe Trilj protiv NK Ko\u0161ute, koji je izvo\u0111enjem jedanaesteraca upisao svoju prvu pobjedu. Poslije sportskog susreta u P\u0160 Ko\u0161ute otvorena je prva foto-arheo-etnognafska izlo\u017eba u povijesti sela Ko\u0161uta, naslovljena&nbsp;<em>Ko\u0161ute \u2013 selo zaigrano<\/em>. Izlo\u017eba je popra\u0107ena istoimenom preklopnicom, \u010dije su tro\u0161kove tiskanja pokrili pojedinci iz Ko\u0161uta. Autor izlo\u017ebe je don J. Duki\u0107. U petak 15. lipnja na dan posvete, u jutarnjim satima, ispred crkve prof. Frano Bogdan i gosp. Dra\u0161ko Odrljin priredili su utrku djece kojima su dodijeljene prigodne nagrade i priznanja.<\/p>\n\n\n\n<p><em>Tekst i fotografije preuzeti iz:&nbsp;Duki\u0107, J., Duki\u0107, V., Mari\u0107, M., \u017dolo, I. (ur.) (2017.)&nbsp;Mala povijest Ko\u0161uta, Ko\u0161ute: Kulturno dru\u0161tvo Trilj,&nbsp;\u017dupa Presvetog Srca Isusova, Ko\u0161ute.<\/em><\/p>\n","protected":false},"excerpt":{"rendered":"<p>Prije otprilike 40 godina, kada je \u017eupnik Trilja bio don Tomislav Karaman (15.2. 1966. \u2013 15. 8. 1977.), rodila se \u017eelja pojedinaca iz Ko\u0161uta da se u mjestu sagradi crkva. Od tih, za Crkvu posebno te\u0161kih vremena, do lipnja 2007.,<\/p>\n","protected":false},"author":1,"featured_media":0,"parent":0,"menu_order":0,"comment_status":"closed","ping_status":"closed","template":"","meta":{"ngg_post_thumbnail":0,"spay_email":""},"_links":{"self":[{"href":"https:\/\/zupa.kosute.com.hr\/index.php\/wp-json\/wp\/v2\/pages\/696"}],"collection":[{"href":"https:\/\/zupa.kosute.com.hr\/index.php\/wp-json\/wp\/v2\/pages"}],"about":[{"href":"https:\/\/zupa.kosute.com.hr\/index.php\/wp-json\/wp\/v2\/types\/page"}],"author":[{"embeddable":true,"href":"https:\/\/zupa.kosute.com.hr\/index.php\/wp-json\/wp\/v2\/users\/1"}],"replies":[{"embeddable":true,"href":"https:\/\/zupa.kosute.com.hr\/index.php\/wp-json\/wp\/v2\/comments?post=696"}],"version-history":[{"count":1,"href":"https:\/\/zupa.kosute.com.hr\/index.php\/wp-json\/wp\/v2\/pages\/696\/revisions"}],"predecessor-version":[{"id":697,"href":"https:\/\/zupa.kosute.com.hr\/index.php\/wp-json\/wp\/v2\/pages\/696\/revisions\/697"}],"wp:attachment":[{"href":"https:\/\/zupa.kosute.com.hr\/index.php\/wp-json\/wp\/v2\/media?parent=696"}],"curies":[{"name":"wp","href":"https:\/\/api.w.org\/{rel}","templated":true}]}}